{"id":52,"date":"2018-02-28T17:55:33","date_gmt":"2018-02-28T16:55:33","guid":{"rendered":"http:\/\/www.bandadebessines.com\/?page_id=52"},"modified":"2021-12-31T01:31:53","modified_gmt":"2021-12-31T00:31:53","slug":"album-1","status":"publish","type":"page","link":"http:\/\/www.bandadebessines.com\/?page_id=52","title":{"rendered":"Album de 2011"},"content":{"rendered":"<p>Sous la direction de Marl\u00e8ne Boil\u00e8ve et Mathieu Rafael.<\/p>\n<p><span style=\"font-family: Comic Sans MS; font-size: small;\"><b>01 &#8211; <i><a href=\"http:\/\/www.bandadebessines.com\/Page_Musique\/A6_elchulla.mp3\">El Chulla Quite\u00f1o<\/a><\/i><br \/>\n02 &#8211; Juan A. Ruiz Espartaco<br \/>\n03 &#8211; Clavelitos<br \/>\n04 &#8211; Consuelo Ciscar<br \/>\n05 &#8211; <a href=\"http:\/\/www.bandadebessines.com\/Page_Musique\/A6_rarpasse.mp3\"><i>Rarpass\u00e9<\/i><\/a><br \/>\n06 &#8211; La hesta<\/b><\/span><\/p>\n<p><span style=\"font-family: Comic Sans MS; font-size: small;\"><b>07 &#8211; <i><a href=\"http:\/\/www.bandadebessines.com\/Page_Musique\/A6_vinogriego.mp3\">Vino griego<\/a><\/i><br \/>\n08 &#8211; Eroetxe<br \/>\n09 &#8211; <i><a href=\"http:\/\/www.bandadebessines.com\/Page_Musique\/A6_it's_not.mp3\">It&rsquo;s not unusal<\/a><\/i><br \/>\n10 &#8211; Italiani<br \/>\n11 &#8211; Zingaro<br \/>\n12 &#8211; Mi linda se\u00f1orita<\/b><\/span><\/p>\n<p><span style=\"font-family: Comic Sans MS; font-size: small;\"><b>13 &#8211; Tijuana taxi<br \/>\n14 &#8211; La calandria <span style=\"color: #ff0000;\"><em>Live<\/em><\/span><br \/>\n15 &#8211; <i><a href=\"http:\/\/www.bandadebessines.com\/Page_Musique\/A6_paquito.mp3\">Paquito Chocolatero <\/a><\/i><span style=\"color: #ff0000;\"><em>Live<\/em><\/span><br \/>\n16 &#8211; <i><a href=\"http:\/\/www.bandadebessines.com\/Page_Musique\/A6_pitxuri.mp3\">Lapitxuri\/Arrantzaleak <\/a><\/i><span style=\"color: #ff0000;\"><em>Live<\/em><\/span><br \/>\n17 &#8211; Flamenco trumpet <span style=\"color: #ff0000;\"><em>Live<\/em><\/span><br \/>\n18 &#8211; Arbola <span style=\"color: #ff0000;\"><em>Live<\/em><\/span><\/b><\/span><\/p>\n<p><img loading=\"lazy\" class=\" wp-image-124 aligncenter\" src=\"http:\/\/www.bandadebessines.com\/wp-content\/uploads\/2018\/03\/album6B.jpg\" alt=\"\" width=\"202\" height=\"178\"><\/p>\n","protected":false},"excerpt":{"rendered":"<p>Sous la direction de Marl\u00e8ne Boil\u00e8ve et Mathieu Rafael. 01 &#8211; El Chulla Quite\u00f1o 02 &#8211; Juan A. Ruiz Espartaco 03 &#8211; Clavelitos 04 &#8211; [&hellip;] <span class=\"read-more-link\"><a class=\"read-more\" href=\"http:\/\/www.bandadebessines.com\/?page_id=52\">Read More<\/a><\/span><\/p>\n","protected":false},"author":1,"featured_media":0,"parent":0,"menu_order":0,"comment_status":"closed","ping_status":"closed","template":"","meta":{"om_disable_all_campaigns":false,"_monsterinsights_skip_tracking":false,"_monsterinsights_sitenote_active":false,"_monsterinsights_sitenote_note":"","_monsterinsights_sitenote_category":0},"aioseo_notices":[],"_links":{"self":[{"href":"http:\/\/www.bandadebessines.com\/index.php?rest_route=\/wp\/v2\/pages\/52"}],"collection":[{"href":"http:\/\/www.bandadebessines.com\/index.php?rest_route=\/wp\/v2\/pages"}],"about":[{"href":"http:\/\/www.bandadebessines.com\/index.php?rest_route=\/wp\/v2\/types\/page"}],"author":[{"embeddable":true,"href":"http:\/\/www.bandadebessines.com\/index.php?rest_route=\/wp\/v2\/users\/1"}],"replies":[{"embeddable":true,"href":"http:\/\/www.bandadebessines.com\/index.php?rest_route=%2Fwp%2Fv2%2Fcomments&post=52"}],"version-history":[{"count":4,"href":"http:\/\/www.bandadebessines.com\/index.php?rest_route=\/wp\/v2\/pages\/52\/revisions"}],"predecessor-version":[{"id":484,"href":"http:\/\/www.bandadebessines.com\/index.php?rest_route=\/wp\/v2\/pages\/52\/revisions\/484"}],"wp:attachment":[{"href":"http:\/\/www.bandadebessines.com\/index.php?rest_route=%2Fwp%2Fv2%2Fmedia&parent=52"}],"curies":[{"name":"wp","href":"https:\/\/api.w.org\/{rel}","templated":true}]}}