{"id":48,"date":"2018-02-28T17:55:08","date_gmt":"2018-02-28T16:55:08","guid":{"rendered":"http:\/\/www.bandadebessines.com\/?page_id=48"},"modified":"2024-12-28T16:26:35","modified_gmt":"2024-12-28T15:26:35","slug":"historique","status":"publish","type":"page","link":"http:\/\/www.bandadebessines.com\/?page_id=48","title":{"rendered":"Historique"},"content":{"rendered":"\n<p><\/p>\n\n\n\n<p><\/p>\n\n\n\n<div class=\"wp-block-columns\">\n<div class=\"wp-block-column\">\n<figure class=\"wp-block-image size-full is-resized\"><img loading=\"lazy\" src=\"http:\/\/www.bandadebessines.com\/wp-content\/uploads\/2024\/12\/Musiciens1889.jpg\" alt=\"\" class=\"wp-image-690\" width=\"343\" height=\"231\"\/><figcaption>La Fanfare de Bessines en 1889<\/figcaption><\/figure>\n<\/div>\n\n\n\n<div class=\"wp-block-column\">\n<p>On aime rappeler que la musique est plus que centenaire<br>\u00e0 Bessines sur Gartempe,<br>puisque le 16 juillet 1889, naissait sous<br>l\u2019impulsion d\u2019un petit groupe de Bessinauds:<br><strong>\u00ab\u00a0la Fanfare de Bessines <strong>\u00bb<\/strong>\u00a0<\/strong><\/p>\n\n\n\n<p>Apr\u00e8s 20 ans d&rsquo;interruption due \u00e0 la Seconde Guerre Mondiale, la musique fut remise sur les rails et renomm\u00e9e <strong> <strong>\u00ab\u00a0Union Musicale de  Bessines <strong>\u00bb<\/strong>\u00a0<\/strong><\/strong>en 1959. C&rsquo;\u00e9tait alors une  <strong><strong>\u00ab\u00a0clique <strong>\u00bb<\/strong><\/strong><\/strong> <\/p>\n\n\n\n<p><\/p>\n\n\n\n<p><\/p>\n\n\n\n<p><\/p>\n\n\n\n<p><\/p>\n<\/div>\n<\/div>\n\n\n\n<div class=\"wp-block-columns\">\n<div class=\"wp-block-column\">\n<p><\/p>\n\n\n\n<p><\/p>\n\n\n\n<p><\/p>\n\n\n\n<p><\/p>\n\n\n\n<p>Vers la fin des ann\u00e9es 1960, les musiciens<br>abandonn\u00e8rent clairons, cors de chasse,<br>trompettes de cavalerie et remplac\u00e8rent les<br>casquettes par le c\u00e9l\u00e8bre <strong>canotier <\/strong>!<\/p>\n<\/div>\n\n\n\n<div class=\"wp-block-column\">\n<figure class=\"wp-block-image size-full is-resized\"><img loading=\"lazy\" src=\"https:\/\/www.bandadebessines.com\/wp-content\/uploads\/2024\/12\/Union_Musicale.jpg\" alt=\"\" class=\"wp-image-704\" width=\"432\" height=\"287\" srcset=\"http:\/\/www.bandadebessines.com\/wp-content\/uploads\/2024\/12\/Union_Musicale.jpg 306w, http:\/\/www.bandadebessines.com\/wp-content\/uploads\/2024\/12\/Union_Musicale-300x199.jpg 300w\" sizes=\"(max-width: 432px) 100vw, 432px\" \/><figcaption>L&rsquo;Union Musicale de Bessines  dans les ann\u00e9es 60.<\/figcaption><\/figure>\n<\/div>\n<\/div>\n\n\n\n<div class=\"wp-block-columns are-vertically-aligned-center\">\n<div class=\"wp-block-column is-vertically-aligned-center\" style=\"flex-basis:100%\"><\/div>\n<\/div>\n\n\n<div align=\"center\">Ils se mirent \u00e0 interpr\u00e9ter les \u00a0\u00bb tubes \u00a0\u00bb de l&rsquo;\u00e9poque<br \/>rev\u00eatus de costumes divers et color\u00e9s. Ils se firent alors appeler :<\/div>\n<div align=\"center\"><img loading=\"lazy\" class=\"\" src=\"http:\/\/www.bandadebessines.com\/Page_Histoire\/Joyeux_Lurons.jpg\" width=\"407\" height=\"255\" \/><\/div>\n<div align=\"center\">\u00a0<\/div>\n<div align=\"center\">\u00a0<\/div>\n<div align=\"center\"><img loading=\"lazy\" class=\"\" src=\"http:\/\/www.bandadebessines.com\/Page_Histoire\/Andalous.jpg\" width=\"439\" height=\"254\" \/><\/div>\n<div align=\"center\">\u00a0<\/div>\n<div align=\"center\">\u00a0<\/div>\n<div align=\"center\"><img loading=\"lazy\" class=\"aligncenter\" src=\"http:\/\/www.bandadebessines.com\/Page_Histoire\/Mexicains.jpg\" width=\"431\" height=\"297\" \/><\/div>\n<div align=\"left\">\n<p><img loading=\"lazy\" class=\"aligncenter\" src=\"http:\/\/www.bandadebessines.com\/Page_Histoire\/csp.jpg\" width=\"414\" height=\"305\" align=\"right\" \/><\/p>\n<\/div>\n<div align=\"left\">\u00a0<\/div>\n<div align=\"left\">\u00a0<\/div>\n<div align=\"left\">\u00a0<\/div>\n<div align=\"left\">\u00a0<\/div>\n<div align=\"left\">\u00a0<\/div>\n<div align=\"left\">\u00a0<\/div>\n<div align=\"left\">\u00a0<\/div>\n<div align=\"left\">\u00a0<\/div>\n<div align=\"left\">\u00a0<\/div>\n<div align=\"left\">\u00a0<\/div>\n<div align=\"left\">\u00a0<\/div>\n<div align=\"left\">\u00a0<\/div>\n<div align=\"left\">\u00a0<\/div>\n<div align=\"left\">\u00a0<\/div>\n<div style=\"text-align: center;\" align=\"left\">C&rsquo;est en 1980 que la \u00ab\u00a0Banda de Bessines\u00a0\u00bb apparait.<br \/>Les musiques des f\u00eates emplissent son r\u00e9pertoire et<br \/>conviennent parfaitement pour animer les matchs de basket<br \/>du Limoges CSP.<\/div>\n<div align=\"center\">\u00a0<\/div>\n<div align=\"left\">\n<p>Bien vite , les qualit\u00e9s des musiciens Bessinauds seront connues au del\u00e0 des limites de la Haute-Vienne, et c&rsquo;est \u00e0 partir de l\u00e0 que cette troupe joyeuse et color\u00e9e va se faire conna\u00eetre un peu partout en France et m\u00eame \u00e0 l&rsquo;\u00e9tranger,<br \/>en animant des centaines de d\u00e9fil\u00e9s, carnavals, cavalcades, corsos fleuris, festivals, f\u00e9rias, f\u00eates artisanales et locales.<br \/>Ses qualit\u00e9s sont nombreuses : elle impressionne par la jeunesse de son effectif capable de vous faire voyager en Espagne<br \/>au son du plus beau pasodoble, ou en Am\u00e9rique Latine avec une rumba endiabl\u00e9e,<br \/>ou encore vous faire danser sur les airs populaires des f\u00eates authentiques du Sud-Ouest.<br \/>Elle b\u00e9n\u00e9ficie d&rsquo;une cote d&rsquo;amour r\u00e9elle aupr\u00e8s du public avec lequel elle entre en parfaite communion<br \/>et elle est pass\u00e9e ma\u00eetre dans l&rsquo;art d&rsquo;enflammer une foule sans pour autant n\u00e9gliger la qualit\u00e9 musicale de ses interpr\u00e9tations.<\/p>\n<\/div>\n<div align=\"center\"><img loading=\"lazy\" src=\"http:\/\/www.bandadebessines.com\/Page_Histoire\/d%E9fil%E9.jpg\" width=\"267\" height=\"229\" \/><img loading=\"lazy\" src=\"http:\/\/www.bandadebessines.com\/Page_Histoire\/concert.jpg\" width=\"283\" height=\"213\" \/><\/div>\n<p><span style=\"font-family: Comic Sans MS; font-size: small;\">\u00a0<\/span><\/p>\n<div align=\"center\"><span style=\"font-family: Comic Sans MS; font-size: medium;\"><i>en d\u00e9fil\u00e9. . . . . . ou . . . . . en concert<\/i><\/span><\/div>\n<p><span style=\"font-family: Comic Sans MS; font-size: small;\">\u00a0<\/span><\/p>\n<div align=\"center\"><img loading=\"lazy\" src=\"http:\/\/www.bandadebessines.com\/Page_Histoire\/c%E9r%E9monie.jpg\" width=\"283\" height=\"213\" \/><\/div>\n<div align=\"center\">\u00a0<\/div>\n<div align=\"center\">\u00a0<\/div>\n<div align=\"center\">\u00a0<\/div>\n<div align=\"center\"><img loading=\"lazy\" src=\"http:\/\/www.bandadebessines.com\/Page_Histoire\/assis.jpg\" width=\"283\" height=\"213\" \/><\/div>\n<p><span style=\"font-family: Comic Sans MS; font-size: small;\">\u00a0<\/span><\/p>\n<div align=\"center\"><span style=\"font-family: Comic Sans MS; font-size: medium;\"><i>en c\u00e9r\u00e9monie officielle . . . . . ou . . . . . . . .en mouvement <\/i><\/span><\/div>\n<p><span style=\"font-family: Comic Sans MS; font-size: small;\">\u00a0<\/span><\/p>\n<div align=\"center\"><img loading=\"lazy\" src=\"http:\/\/www.bandadebessines.com\/Page_Histoire\/nuit.jpg\" width=\"283\" height=\"213\" \/><\/div>\n<div align=\"center\">\u00a0<\/div>\n<div align=\"center\">\u00a0<\/div>\n<div align=\"center\">\u00a0<\/div>\n<div align=\"center\"><img loading=\"lazy\" src=\"http:\/\/www.bandadebessines.com\/Page_Histoire\/C%E9sar_Rincon.jpg\" width=\"279\" height=\"185\" \/><\/div>\n<div align=\"center\">\u00a0<\/div>\n<div align=\"center\">\u00a0<\/div>\n<div align=\"center\"><span style=\"font-family: Comic Sans MS; font-size: medium;\"><i>de jour, comme de nuit . . . . et . . . m\u00eame . . . . avec C\u00e9sar Rincon<\/i><\/span><\/div>\n<p>\u00a0<\/p>\n<p>\u00a0<\/p>\n<div align=\"center\">\n<p><span style=\"font-family: Comic Sans MS; font-size: large;\"> R\u00e9f\u00e9rences et r\u00e9compenses<\/span><\/p>\n<p>\u00a0<\/p>\n<div style=\"text-align: center;\" align=\"left\">\n<p><span style=\"font-family: Comic Sans MS; font-size: small;\"> La Banda de Bessines a particip\u00e9 \u00e0 toutes les plus grandes manifestations:<\/span><\/p>\n<p>Carnaval et Corsos de Cholet, Nice, Denain, Ch\u00e2lon sur Sa\u00f4ne,<br \/>Figeac, Limoges, Nantes, Firminy, Coex, Cluis, Le Havre, Etoile sur Rh\u00f4ne, Saint C\u00e9r\u00e9&#8230;.<\/p>\n<p>Les f\u00eates de la Madeleine \u00e0 Mont de Marsan, du Bouffon \u00e0 Saint Quentin,<br \/>de la Jonquille \u00e0 St Etienne de Montluc, de Jean de la Fontaine \u00e0 Ch\u00e2teau Thierry, des Vendanges de Montmartre, &#8230;..<\/p>\n<p>Les rencontres de Bandas \u00e0 Condom, Rochechouart, Dalhem (Belgique), Bassenge (Belgique),<br \/>Issoudun, Gallarta (Espagne), Evaux les Bains, Montbazens, Villemoustaussou,<br \/>Mazeres , Montr\u00e9al d&rsquo;Aude.<\/p>\n<p>\u00a0<\/p>\n<\/div>\n<p><span style=\"font-family: Comic Sans MS; font-size: small;\">Tout au long de ces ann\u00e9es de prestations, la Banda a remport\u00e9 quelques titres et troph\u00e9es:<\/span><\/p>\n<p>En 1988, elle remporte son 1er titre de Champion de France au Festival International de Bandas \u00e0 Condom dans le Gers<br \/>La Banda de Bessines sera championne de France des Bandas \u00e0 7 reprises (88, 89, 91, 92, 95, 96 et 2005).<br \/>Elle se verra remettre la Palme d&rsquo;Or r\u00e9compense supr\u00eame \u00e0 Condom en 92, 95 et 2005<br \/>La Banda remporta \u00e9galement le Festival International de Bandas \u00e0 Rochechouart en Haute Vienne (Lion d&rsquo;Or en 92, 95 et 2000)<br \/>et celui de Saint C\u00e9r\u00e9 dans le Lot (7 croissants d&rsquo;Or en 99)<\/p>\n<div align=\"center\">\n<p>\u00a0<\/p>\n<p>O\u00f9 se situe Bessines sur Gartempe?<\/p>\n<p><img loading=\"lazy\" src=\"http:\/\/www.bandadebessines.com\/Page_Histoire\/France.gif\" width=\"205\" height=\"211\" \/><br \/><span style=\"font-family: Comic Sans MS; font-size: small;\"> Sur l&rsquo;autoroute A20, \u00e0 mi-chemin entre Paris et Toulouse (sortie 24)<\/span><i><\/i><\/p>\n<\/div>\n<\/div>\n<p>\u00a0<\/p>","protected":false},"excerpt":{"rendered":"<p>On aime rappeler que la musique est plus que centenaire\u00e0 Bessines sur Gartempe,puisque le 16 juillet 1889, naissait sousl\u2019impulsion d\u2019un petit groupe de Bessinauds:\u00ab\u00a0la Fanfare [&hellip;] <span class=\"read-more-link\"><a class=\"read-more\" href=\"http:\/\/www.bandadebessines.com\/?page_id=48\">Read More<\/a><\/span><\/p>\n","protected":false},"author":1,"featured_media":0,"parent":0,"menu_order":0,"comment_status":"closed","ping_status":"closed","template":"page-templates\/fullwidth.php","meta":{"om_disable_all_campaigns":false,"_monsterinsights_skip_tracking":false,"_monsterinsights_sitenote_active":false,"_monsterinsights_sitenote_note":"","_monsterinsights_sitenote_category":0},"aioseo_notices":[],"_links":{"self":[{"href":"http:\/\/www.bandadebessines.com\/index.php?rest_route=\/wp\/v2\/pages\/48"}],"collection":[{"href":"http:\/\/www.bandadebessines.com\/index.php?rest_route=\/wp\/v2\/pages"}],"about":[{"href":"http:\/\/www.bandadebessines.com\/index.php?rest_route=\/wp\/v2\/types\/page"}],"author":[{"embeddable":true,"href":"http:\/\/www.bandadebessines.com\/index.php?rest_route=\/wp\/v2\/users\/1"}],"replies":[{"embeddable":true,"href":"http:\/\/www.bandadebessines.com\/index.php?rest_route=%2Fwp%2Fv2%2Fcomments&post=48"}],"version-history":[{"count":29,"href":"http:\/\/www.bandadebessines.com\/index.php?rest_route=\/wp\/v2\/pages\/48\/revisions"}],"predecessor-version":[{"id":722,"href":"http:\/\/www.bandadebessines.com\/index.php?rest_route=\/wp\/v2\/pages\/48\/revisions\/722"}],"wp:attachment":[{"href":"http:\/\/www.bandadebessines.com\/index.php?rest_route=%2Fwp%2Fv2%2Fmedia&parent=48"}],"curies":[{"name":"wp","href":"https:\/\/api.w.org\/{rel}","templated":true}]}}